{"id":7639,"date":"2026-04-20T09:00:41","date_gmt":"2026-04-20T07:00:41","guid":{"rendered":"https:\/\/hrachovec.valmez.cz\/?page_id=7639"},"modified":"2026-04-20T09:08:45","modified_gmt":"2026-04-20T07:08:45","slug":"obecni-vybor-hrachovec","status":"publish","type":"page","link":"https:\/\/hrachovec.valmez.cz\/?page_id=7639","title":{"rendered":"Obecn\u00ed v\u00fdbor Hrachovec"},"content":{"rendered":"\n<div class=\"wp-block-group is-nowrap is-layout-flex wp-container-core-group-is-layout-6c531013 wp-block-group-is-layout-flex\">\n<figure class=\"wp-block-image size-large is-resized\"><img loading=\"lazy\" decoding=\"async\" width=\"989\" height=\"1024\" src=\"https:\/\/hrachovec.valmez.cz\/wp-content\/uploads\/2026\/04\/znakhrachovec_v2_png-989x1024.png\" alt=\"\" class=\"wp-image-7643\" style=\"aspect-ratio:0.9658267310021643;width:121px;height:auto\" srcset=\"https:\/\/hrachovec.valmez.cz\/wp-content\/uploads\/2026\/04\/znakhrachovec_v2_png-989x1024.png 989w, https:\/\/hrachovec.valmez.cz\/wp-content\/uploads\/2026\/04\/znakhrachovec_v2_png-290x300.png 290w, https:\/\/hrachovec.valmez.cz\/wp-content\/uploads\/2026\/04\/znakhrachovec_v2_png-768x795.png 768w, https:\/\/hrachovec.valmez.cz\/wp-content\/uploads\/2026\/04\/znakhrachovec_v2_png-1483x1536.png 1483w, https:\/\/hrachovec.valmez.cz\/wp-content\/uploads\/2026\/04\/znakhrachovec_v2_png-1978x2048.png 1978w\" sizes=\"auto, (max-width: 989px) 100vw, 989px\" \/><\/figure>\n\n\n\n<p style=\"line-height:1.5\"><strong>Obecn\u00ed v\u00fdbor Hrachovec, z.s.<\/strong><br>Hrachovec 260, Vala\u0161sk\u00e9 Mezi\u0159\u00ed\u010d\u00ed 757 01<br>I\u010cO: 23271272<br><strong>Kontakty:<\/strong><br>P\u0159edseda: Vladislav Tu\u010dek, MSc.<br><a href=\"https:\/\/www.facebook.com\/OV.Hrachovec\" target=\"_blank\" rel=\"noreferrer noopener\">www. facebook.com\/OV.Hrachovec<\/a><\/p>\n<\/div>\n","protected":false},"excerpt":{"rendered":"<p>Obecn\u00ed v\u00fdbor Hrachovec, z.s.Hrachovec 260, Vala\u0161sk\u00e9 Mezi\u0159\u00ed\u010d\u00ed 757 01I\u010cO: 23271272Kontakty:P\u0159edseda: Vladislav Tu\u010dek, MSc.www. facebook.com\/OV.Hrachovec<\/p>\n","protected":false},"author":2,"featured_media":0,"parent":0,"menu_order":0,"comment_status":"closed","ping_status":"closed","template":"","meta":{"colormag_page_container_layout":"default_layout","colormag_page_sidebar_layout":"default_layout","ngg_post_thumbnail":0,"_mc_calendar":[],"footnotes":""},"class_list":["post-7639","page","type-page","status-publish","hentry"],"_links":{"self":[{"href":"https:\/\/hrachovec.valmez.cz\/index.php?rest_route=\/wp\/v2\/pages\/7639","targetHints":{"allow":["GET"]}}],"collection":[{"href":"https:\/\/hrachovec.valmez.cz\/index.php?rest_route=\/wp\/v2\/pages"}],"about":[{"href":"https:\/\/hrachovec.valmez.cz\/index.php?rest_route=\/wp\/v2\/types\/page"}],"author":[{"embeddable":true,"href":"https:\/\/hrachovec.valmez.cz\/index.php?rest_route=\/wp\/v2\/users\/2"}],"replies":[{"embeddable":true,"href":"https:\/\/hrachovec.valmez.cz\/index.php?rest_route=%2Fwp%2Fv2%2Fcomments&post=7639"}],"version-history":[{"count":3,"href":"https:\/\/hrachovec.valmez.cz\/index.php?rest_route=\/wp\/v2\/pages\/7639\/revisions"}],"predecessor-version":[{"id":7644,"href":"https:\/\/hrachovec.valmez.cz\/index.php?rest_route=\/wp\/v2\/pages\/7639\/revisions\/7644"}],"wp:attachment":[{"href":"https:\/\/hrachovec.valmez.cz\/index.php?rest_route=%2Fwp%2Fv2%2Fmedia&parent=7639"}],"curies":[{"name":"wp","href":"https:\/\/api.w.org\/{rel}","templated":true}]}}