{"id":7444,"date":"2026-03-17T11:41:52","date_gmt":"2026-03-17T10:41:52","guid":{"rendered":"https:\/\/hrachovec.valmez.cz\/?page_id=7444"},"modified":"2026-03-17T11:41:52","modified_gmt":"2026-03-17T10:41:52","slug":"kosmeticka-poradkyne-mary-kay","status":"publish","type":"page","link":"https:\/\/hrachovec.valmez.cz\/?page_id=7444","title":{"rendered":"Kosmetick\u00e1 poradkyn\u011b Mary Kay"},"content":{"rendered":"\n<div class=\"wp-block-group is-nowrap is-layout-flex wp-container-core-group-is-layout-6c531013 wp-block-group-is-layout-flex\">\n<figure class=\"wp-block-image size-large is-resized\"><img loading=\"lazy\" decoding=\"async\" width=\"1024\" height=\"576\" src=\"https:\/\/hrachovec.valmez.cz\/wp-content\/uploads\/2026\/03\/Mary-Kay-Logo-1024x576.jpg\" alt=\"\" class=\"wp-image-7446\" style=\"width:267px;height:auto\" srcset=\"https:\/\/hrachovec.valmez.cz\/wp-content\/uploads\/2026\/03\/Mary-Kay-Logo-1024x576.jpg 1024w, https:\/\/hrachovec.valmez.cz\/wp-content\/uploads\/2026\/03\/Mary-Kay-Logo-300x169.jpg 300w, https:\/\/hrachovec.valmez.cz\/wp-content\/uploads\/2026\/03\/Mary-Kay-Logo-768x432.jpg 768w, https:\/\/hrachovec.valmez.cz\/wp-content\/uploads\/2026\/03\/Mary-Kay-Logo-1536x864.jpg 1536w, https:\/\/hrachovec.valmez.cz\/wp-content\/uploads\/2026\/03\/Mary-Kay-Logo-2048x1152.jpg 2048w\" sizes=\"auto, (max-width: 1024px) 100vw, 1024px\" \/><\/figure>\n\n\n\n<p><strong>Marta Vyb\u00edralov\u00e1<\/strong><br>Hrachovec<br>Vala\u0161sk\u00e9 Mezi\u0159\u00ed\u010d\u00ed, 757 01<br>mobil: 605 828 117<br>email: marta.vybiralova(at)seznam.cz<\/p>\n<\/div>\n\n\n\n<p><\/p>\n","protected":false},"excerpt":{"rendered":"<p>Marta Vyb\u00edralov\u00e1HrachovecVala\u0161sk\u00e9 Mezi\u0159\u00ed\u010d\u00ed, 757 01mobil: 605 828 117email: marta.vybiralova(at)seznam.cz<\/p>\n","protected":false},"author":2,"featured_media":0,"parent":0,"menu_order":0,"comment_status":"closed","ping_status":"closed","template":"","meta":{"colormag_page_container_layout":"default_layout","colormag_page_sidebar_layout":"default_layout","ngg_post_thumbnail":0,"_mc_calendar":[],"footnotes":""},"class_list":["post-7444","page","type-page","status-publish","hentry"],"_links":{"self":[{"href":"https:\/\/hrachovec.valmez.cz\/index.php?rest_route=\/wp\/v2\/pages\/7444","targetHints":{"allow":["GET"]}}],"collection":[{"href":"https:\/\/hrachovec.valmez.cz\/index.php?rest_route=\/wp\/v2\/pages"}],"about":[{"href":"https:\/\/hrachovec.valmez.cz\/index.php?rest_route=\/wp\/v2\/types\/page"}],"author":[{"embeddable":true,"href":"https:\/\/hrachovec.valmez.cz\/index.php?rest_route=\/wp\/v2\/users\/2"}],"replies":[{"embeddable":true,"href":"https:\/\/hrachovec.valmez.cz\/index.php?rest_route=%2Fwp%2Fv2%2Fcomments&post=7444"}],"version-history":[{"count":1,"href":"https:\/\/hrachovec.valmez.cz\/index.php?rest_route=\/wp\/v2\/pages\/7444\/revisions"}],"predecessor-version":[{"id":7448,"href":"https:\/\/hrachovec.valmez.cz\/index.php?rest_route=\/wp\/v2\/pages\/7444\/revisions\/7448"}],"wp:attachment":[{"href":"https:\/\/hrachovec.valmez.cz\/index.php?rest_route=%2Fwp%2Fv2%2Fmedia&parent=7444"}],"curies":[{"name":"wp","href":"https:\/\/api.w.org\/{rel}","templated":true}]}}