{"id":5368,"date":"2024-10-09T16:25:22","date_gmt":"2024-10-09T14:25:22","guid":{"rendered":"https:\/\/hrachovec.valmez.cz\/?page_id=5368"},"modified":"2024-10-09T16:25:23","modified_gmt":"2024-10-09T14:25:23","slug":"autodoprava","status":"publish","type":"page","link":"https:\/\/hrachovec.valmez.cz\/?page_id=5368","title":{"rendered":"Autodoprava"},"content":{"rendered":"\n<div class=\"wp-block-group is-nowrap is-layout-flex wp-container-core-group-is-layout-6c531013 wp-block-group-is-layout-flex\">\n<figure class=\"wp-block-image alignleft size-full is-resized\"><img loading=\"lazy\" decoding=\"async\" width=\"396\" height=\"270\" src=\"https:\/\/hrachovec.valmez.cz\/wp-content\/uploads\/2024\/10\/ducato.jpg\" alt=\"\" class=\"wp-image-5369\" style=\"width:196px;height:auto\" srcset=\"https:\/\/hrachovec.valmez.cz\/wp-content\/uploads\/2024\/10\/ducato.jpg 396w, https:\/\/hrachovec.valmez.cz\/wp-content\/uploads\/2024\/10\/ducato-300x205.jpg 300w, https:\/\/hrachovec.valmez.cz\/wp-content\/uploads\/2024\/10\/ducato-130x90.jpg 130w\" sizes=\"auto, (max-width: 396px) 100vw, 396px\" \/><\/figure>\n\n\n\n<p><strong>Kabel\u00e1\u010d Luk\u00e1\u0161<\/strong><br>Hrachovec 139<br>Vala\u0161sk\u00e9 Mezi\u0159\u00ed\u010d\u00ed, 757 01<br>mobil: 605 860 084<br>email: kabelac.lukas(at)seznam.cz<br><a href=\"http:\/\/www.lk-nabytek.cz\/\">www.lk-nabytek.cz<\/a><\/p>\n<\/div>\n\n\n\n<p><\/p>\n","protected":false},"excerpt":{"rendered":"<p>Kabel\u00e1\u010d Luk\u00e1\u0161Hrachovec 139Vala\u0161sk\u00e9 Mezi\u0159\u00ed\u010d\u00ed, 757 01mobil: 605 860 084email: kabelac.lukas(at)seznam.czwww.lk-nabytek.cz<\/p>\n","protected":false},"author":2,"featured_media":0,"parent":0,"menu_order":0,"comment_status":"closed","ping_status":"closed","template":"","meta":{"colormag_page_container_layout":"default_layout","colormag_page_sidebar_layout":"default_layout","ngg_post_thumbnail":0,"_mc_calendar":[],"footnotes":""},"class_list":["post-5368","page","type-page","status-publish","hentry"],"_links":{"self":[{"href":"https:\/\/hrachovec.valmez.cz\/index.php?rest_route=\/wp\/v2\/pages\/5368","targetHints":{"allow":["GET"]}}],"collection":[{"href":"https:\/\/hrachovec.valmez.cz\/index.php?rest_route=\/wp\/v2\/pages"}],"about":[{"href":"https:\/\/hrachovec.valmez.cz\/index.php?rest_route=\/wp\/v2\/types\/page"}],"author":[{"embeddable":true,"href":"https:\/\/hrachovec.valmez.cz\/index.php?rest_route=\/wp\/v2\/users\/2"}],"replies":[{"embeddable":true,"href":"https:\/\/hrachovec.valmez.cz\/index.php?rest_route=%2Fwp%2Fv2%2Fcomments&post=5368"}],"version-history":[{"count":1,"href":"https:\/\/hrachovec.valmez.cz\/index.php?rest_route=\/wp\/v2\/pages\/5368\/revisions"}],"predecessor-version":[{"id":5371,"href":"https:\/\/hrachovec.valmez.cz\/index.php?rest_route=\/wp\/v2\/pages\/5368\/revisions\/5371"}],"wp:attachment":[{"href":"https:\/\/hrachovec.valmez.cz\/index.php?rest_route=%2Fwp%2Fv2%2Fmedia&parent=5368"}],"curies":[{"name":"wp","href":"https:\/\/api.w.org\/{rel}","templated":true}]}}