{"id":5358,"date":"2024-10-05T18:07:48","date_gmt":"2024-10-05T16:07:48","guid":{"rendered":"https:\/\/hrachovec.valmez.cz\/?page_id=5358"},"modified":"2024-10-05T18:07:48","modified_gmt":"2024-10-05T16:07:48","slug":"strikana-izolacni-pena","status":"publish","type":"page","link":"https:\/\/hrachovec.valmez.cz\/?page_id=5358","title":{"rendered":"St\u0159\u00edkan\u00e1 izola\u010dn\u00ed p\u011bna"},"content":{"rendered":"\n<div class=\"wp-block-group is-nowrap is-layout-flex wp-container-core-group-is-layout-6c531013 wp-block-group-is-layout-flex\">\n<figure class=\"wp-block-image is-resized\"><img decoding=\"async\" src=\"https:\/\/hrachovec.valmez.cz\/wp-content\/uploads\/2024\/10\/fajn-izolace-logo-1024x743.png\" alt=\"Tento obr\u00e1zek nem\u00e1 vypln\u011bn\u00fd atribut alt; n\u00e1zev souboru je fajn-izolace-logo-1024x743.png.\" style=\"width:229px;height:auto\"\/><\/figure>\n\n\n\n<p><strong>Fajn Izolace<br><\/strong>Hrachovec 298<br>Vala\u0161sk\u00e9 Mezi\u0159\u00ed\u010d\u00ed, 757 01<br>kontakt: <strong>Luk\u00e1\u0161 Baroch<\/strong><br>mobil: 731\u00a0517\u00a0251<br>email: info(at)fajnizolace.cz<br><a href=\"http:\/\/www.fajnizolace.cz\" data-type=\"link\" data-id=\"www.fajnizolace.cz\">www.fajnizolace.cz<\/a><\/p>\n<\/div>\n\n\n\n<p><\/p>\n","protected":false},"excerpt":{"rendered":"<p>Fajn IzolaceHrachovec 298Vala\u0161sk\u00e9 Mezi\u0159\u00ed\u010d\u00ed, 757 01kontakt: Luk\u00e1\u0161 Barochmobil: 731\u00a0517\u00a0251email: info(at)fajnizolace.czwww.fajnizolace.cz<\/p>\n","protected":false},"author":2,"featured_media":0,"parent":0,"menu_order":0,"comment_status":"closed","ping_status":"closed","template":"","meta":{"colormag_page_container_layout":"default_layout","colormag_page_sidebar_layout":"default_layout","ngg_post_thumbnail":0,"_mc_calendar":[],"footnotes":""},"class_list":["post-5358","page","type-page","status-publish","hentry"],"_links":{"self":[{"href":"https:\/\/hrachovec.valmez.cz\/index.php?rest_route=\/wp\/v2\/pages\/5358","targetHints":{"allow":["GET"]}}],"collection":[{"href":"https:\/\/hrachovec.valmez.cz\/index.php?rest_route=\/wp\/v2\/pages"}],"about":[{"href":"https:\/\/hrachovec.valmez.cz\/index.php?rest_route=\/wp\/v2\/types\/page"}],"author":[{"embeddable":true,"href":"https:\/\/hrachovec.valmez.cz\/index.php?rest_route=\/wp\/v2\/users\/2"}],"replies":[{"embeddable":true,"href":"https:\/\/hrachovec.valmez.cz\/index.php?rest_route=%2Fwp%2Fv2%2Fcomments&post=5358"}],"version-history":[{"count":1,"href":"https:\/\/hrachovec.valmez.cz\/index.php?rest_route=\/wp\/v2\/pages\/5358\/revisions"}],"predecessor-version":[{"id":5361,"href":"https:\/\/hrachovec.valmez.cz\/index.php?rest_route=\/wp\/v2\/pages\/5358\/revisions\/5361"}],"wp:attachment":[{"href":"https:\/\/hrachovec.valmez.cz\/index.php?rest_route=%2Fwp%2Fv2%2Fmedia&parent=5358"}],"curies":[{"name":"wp","href":"https:\/\/api.w.org\/{rel}","templated":true}]}}