{"id":2240,"date":"2023-12-20T11:40:54","date_gmt":"2023-12-20T10:40:54","guid":{"rendered":"https:\/\/hrachovec.valmez.cz\/?page_id=2240"},"modified":"2024-04-18T16:36:14","modified_gmt":"2024-04-18T14:36:14","slug":"servis-a-prodej-pc-a-notebooku","status":"publish","type":"page","link":"https:\/\/hrachovec.valmez.cz\/?page_id=2240","title":{"rendered":"Servis a prodej PC a notebook\u016f"},"content":{"rendered":"\n<figure class=\"wp-block-image alignleft size-full is-resized\"><img loading=\"lazy\" decoding=\"async\" width=\"920\" height=\"531\" src=\"https:\/\/hrachovec.valmez.cz\/wp-content\/uploads\/2024\/04\/CCTV_v1_PNG.png\" alt=\"\" class=\"wp-image-3922\" style=\"width:262px;height:auto\" srcset=\"https:\/\/hrachovec.valmez.cz\/wp-content\/uploads\/2024\/04\/CCTV_v1_PNG.png 920w, https:\/\/hrachovec.valmez.cz\/wp-content\/uploads\/2024\/04\/CCTV_v1_PNG-300x173.png 300w, https:\/\/hrachovec.valmez.cz\/wp-content\/uploads\/2024\/04\/CCTV_v1_PNG-768x443.png 768w\" sizes=\"auto, (max-width: 920px) 100vw, 920px\" \/><\/figure>\n\n\n\n<p><strong>Elektro K\u0159enek s.r.o.<\/strong><br>Hrachovec 260<br>Vala\u0161sk\u00e9 Mezi\u0159\u00ed\u010d\u00ed, 757 01<br>kontakt: <strong>Tu\u010dek Vladislav, MSc.<\/strong><br>mobil: 777 747 454<br>email: data(at)elektrokrenek.cz<br><a href=\"http:\/\/www.elektrokrenek.cz\" target=\"_blank\" rel=\"noreferrer noopener\">www.elektrokrenek.cz<\/a><\/p>\n","protected":false},"excerpt":{"rendered":"<p>Elektro K\u0159enek s.r.o.Hrachovec 260Vala\u0161sk\u00e9 Mezi\u0159\u00ed\u010d\u00ed, 757 01kontakt: Tu\u010dek Vladislav, MSc.mobil: 777 747 454email: data(at)elektrokrenek.czwww.elektrokrenek.cz<\/p>\n","protected":false},"author":2,"featured_media":0,"parent":0,"menu_order":0,"comment_status":"closed","ping_status":"closed","template":"","meta":{"colormag_page_container_layout":"default_layout","colormag_page_sidebar_layout":"default_layout","ngg_post_thumbnail":0,"_mc_calendar":[],"footnotes":""},"class_list":["post-2240","page","type-page","status-publish","hentry"],"_links":{"self":[{"href":"https:\/\/hrachovec.valmez.cz\/index.php?rest_route=\/wp\/v2\/pages\/2240","targetHints":{"allow":["GET"]}}],"collection":[{"href":"https:\/\/hrachovec.valmez.cz\/index.php?rest_route=\/wp\/v2\/pages"}],"about":[{"href":"https:\/\/hrachovec.valmez.cz\/index.php?rest_route=\/wp\/v2\/types\/page"}],"author":[{"embeddable":true,"href":"https:\/\/hrachovec.valmez.cz\/index.php?rest_route=\/wp\/v2\/users\/2"}],"replies":[{"embeddable":true,"href":"https:\/\/hrachovec.valmez.cz\/index.php?rest_route=%2Fwp%2Fv2%2Fcomments&post=2240"}],"version-history":[{"count":4,"href":"https:\/\/hrachovec.valmez.cz\/index.php?rest_route=\/wp\/v2\/pages\/2240\/revisions"}],"predecessor-version":[{"id":3925,"href":"https:\/\/hrachovec.valmez.cz\/index.php?rest_route=\/wp\/v2\/pages\/2240\/revisions\/3925"}],"wp:attachment":[{"href":"https:\/\/hrachovec.valmez.cz\/index.php?rest_route=%2Fwp%2Fv2%2Fmedia&parent=2240"}],"curies":[{"name":"wp","href":"https:\/\/api.w.org\/{rel}","templated":true}]}}