{"id":1458,"date":"2023-09-25T19:46:33","date_gmt":"2023-09-25T17:46:33","guid":{"rendered":"https:\/\/hrachovec.valmez.cz\/?page_id=1458"},"modified":"2023-12-20T13:52:57","modified_gmt":"2023-12-20T12:52:57","slug":"myslivci","status":"publish","type":"page","link":"https:\/\/hrachovec.valmez.cz\/?page_id=1458","title":{"rendered":"Myslivci"},"content":{"rendered":"\n<figure class=\"wp-block-image alignleft size-full is-resized\"><img loading=\"lazy\" decoding=\"async\" width=\"191\" height=\"300\" src=\"https:\/\/hrachovec.valmez.cz\/wp-content\/uploads\/2023\/12\/Srnec-191x300-1.jpg\" alt=\"\" class=\"wp-image-2274\" style=\"width:125px;height:auto\"\/><\/figure>\n\n\n\n<p style=\"line-height:1.5\"><strong>Mysliveck\u00fd spolek Vesel\u00e1 &#8211; Hrachovec<\/strong><br>Hrachovec 240, Vala\u0161sk\u00e9 Mezi\u0159\u00ed\u010d\u00ed 757 01<br>I\u010cO: 47863471<br><strong>Kontakt:<\/strong><br>P\u0159edseda: Ing. Ml\u00fdnek Libor<br><a href=\"http:\/\/msveselahrachovec.cz\/\" target=\"_blank\" rel=\"noreferrer noopener\">www.msveselahrachovec.cz<\/a><\/p>\n","protected":false},"excerpt":{"rendered":"<p>Mysliveck\u00fd spolek Vesel\u00e1 &#8211; HrachovecHrachovec 240, Vala\u0161sk\u00e9 Mezi\u0159\u00ed\u010d\u00ed 757 01I\u010cO: 47863471Kontakt:P\u0159edseda: Ing. Ml\u00fdnek Liborwww.msveselahrachovec.cz<\/p>\n","protected":false},"author":2,"featured_media":0,"parent":0,"menu_order":0,"comment_status":"closed","ping_status":"closed","template":"","meta":{"colormag_page_container_layout":"default_layout","colormag_page_sidebar_layout":"default_layout","ngg_post_thumbnail":0,"_mc_calendar":[],"footnotes":""},"class_list":["post-1458","page","type-page","status-publish","hentry"],"_links":{"self":[{"href":"https:\/\/hrachovec.valmez.cz\/index.php?rest_route=\/wp\/v2\/pages\/1458","targetHints":{"allow":["GET"]}}],"collection":[{"href":"https:\/\/hrachovec.valmez.cz\/index.php?rest_route=\/wp\/v2\/pages"}],"about":[{"href":"https:\/\/hrachovec.valmez.cz\/index.php?rest_route=\/wp\/v2\/types\/page"}],"author":[{"embeddable":true,"href":"https:\/\/hrachovec.valmez.cz\/index.php?rest_route=\/wp\/v2\/users\/2"}],"replies":[{"embeddable":true,"href":"https:\/\/hrachovec.valmez.cz\/index.php?rest_route=%2Fwp%2Fv2%2Fcomments&post=1458"}],"version-history":[{"count":5,"href":"https:\/\/hrachovec.valmez.cz\/index.php?rest_route=\/wp\/v2\/pages\/1458\/revisions"}],"predecessor-version":[{"id":2275,"href":"https:\/\/hrachovec.valmez.cz\/index.php?rest_route=\/wp\/v2\/pages\/1458\/revisions\/2275"}],"wp:attachment":[{"href":"https:\/\/hrachovec.valmez.cz\/index.php?rest_route=%2Fwp%2Fv2%2Fmedia&parent=1458"}],"curies":[{"name":"wp","href":"https:\/\/api.w.org\/{rel}","templated":true}]}}