{"id":1349,"date":"2023-09-25T19:13:38","date_gmt":"2023-09-25T17:13:38","guid":{"rendered":"https:\/\/hrachovec.valmez.cz\/?page_id=1349"},"modified":"2023-12-20T13:50:08","modified_gmt":"2023-12-20T12:50:08","slug":"materska-skola","status":"publish","type":"page","link":"https:\/\/hrachovec.valmez.cz\/?page_id=1349","title":{"rendered":"Mate\u0159sk\u00e1 \u0161kola"},"content":{"rendered":"\n<figure class=\"wp-block-image alignleft size-full\"><img loading=\"lazy\" decoding=\"async\" width=\"300\" height=\"191\" src=\"https:\/\/hrachovec.valmez.cz\/wp-content\/uploads\/2023\/12\/ms-hrachovec_logo-2019_10cm.jpg\" alt=\"\" class=\"wp-image-2270\"\/><\/figure>\n\n\n\n<p style=\"line-height:1.5\"><strong>Mate\u0159sk\u00e1 \u0161kola Hrachovec<\/strong><br>Hrachovec 210<br>Vala\u0161sk\u00e9 Mezi\u0159\u00ed\u010d\u00ed, 757 01<br>I\u010cO: 70920702<br><strong>Kontakt:<\/strong><br>\u0158editelka: Bc. Masa\u0159\u00edkov\u00e1 Na\u010fa<br><a href=\"https:\/\/skolkahrachovec.estranky.cz\/\" target=\"_blank\" rel=\"noreferrer noopener\">www.skolkahrachovec.estranky.cz<\/a><\/p>\n","protected":false},"excerpt":{"rendered":"<p>Mate\u0159sk\u00e1 \u0161kola HrachovecHrachovec 210Vala\u0161sk\u00e9 Mezi\u0159\u00ed\u010d\u00ed, 757 01I\u010cO: 70920702Kontakt:\u0158editelka: Bc. Masa\u0159\u00edkov\u00e1 Na\u010fawww.skolkahrachovec.estranky.cz<\/p>\n","protected":false},"author":2,"featured_media":0,"parent":0,"menu_order":0,"comment_status":"closed","ping_status":"closed","template":"","meta":{"colormag_page_container_layout":"default_layout","colormag_page_sidebar_layout":"default_layout","ngg_post_thumbnail":0,"_mc_calendar":[],"footnotes":""},"class_list":["post-1349","page","type-page","status-publish","hentry"],"_links":{"self":[{"href":"https:\/\/hrachovec.valmez.cz\/index.php?rest_route=\/wp\/v2\/pages\/1349","targetHints":{"allow":["GET"]}}],"collection":[{"href":"https:\/\/hrachovec.valmez.cz\/index.php?rest_route=\/wp\/v2\/pages"}],"about":[{"href":"https:\/\/hrachovec.valmez.cz\/index.php?rest_route=\/wp\/v2\/types\/page"}],"author":[{"embeddable":true,"href":"https:\/\/hrachovec.valmez.cz\/index.php?rest_route=\/wp\/v2\/users\/2"}],"replies":[{"embeddable":true,"href":"https:\/\/hrachovec.valmez.cz\/index.php?rest_route=%2Fwp%2Fv2%2Fcomments&post=1349"}],"version-history":[{"count":4,"href":"https:\/\/hrachovec.valmez.cz\/index.php?rest_route=\/wp\/v2\/pages\/1349\/revisions"}],"predecessor-version":[{"id":2272,"href":"https:\/\/hrachovec.valmez.cz\/index.php?rest_route=\/wp\/v2\/pages\/1349\/revisions\/2272"}],"wp:attachment":[{"href":"https:\/\/hrachovec.valmez.cz\/index.php?rest_route=%2Fwp%2Fv2%2Fmedia&parent=1349"}],"curies":[{"name":"wp","href":"https:\/\/api.w.org\/{rel}","templated":true}]}}