{"id":1293,"date":"2023-09-25T18:06:40","date_gmt":"2023-09-25T16:06:40","guid":{"rendered":"https:\/\/hrachovec.valmez.cz\/?page_id=1293"},"modified":"2023-12-20T14:06:20","modified_gmt":"2023-12-20T13:06:20","slug":"sk-hrachovec","status":"publish","type":"page","link":"https:\/\/hrachovec.valmez.cz\/?page_id=1293","title":{"rendered":"SK Hrachovec"},"content":{"rendered":"\n<figure class=\"wp-block-image alignleft size-full is-resized\"><img loading=\"lazy\" decoding=\"async\" width=\"143\" height=\"130\" src=\"https:\/\/hrachovec.valmez.cz\/wp-content\/uploads\/2023\/12\/78fd56d4ad06e85da8a0df9a5d18d6285a196420-e1703077560579.gif\" alt=\"\" class=\"wp-image-2277\" style=\"width:165px;height:auto\"\/><\/figure>\n\n\n\n<p style=\"line-height:1.5\"><strong>SK Hrachovec z.s.<\/strong><br>Vala\u0161sk\u00e9 Mezi\u0159\u00ed\u010d\u00ed, 757 01<br>I\u010cO: 68898525<br><strong>Kontakty:<\/strong><br>Vaigl Radek<br>Jano\u0161ek Du\u0161an<br><a href=\"http:\/\/www.skhrachovec.cz\" target=\"_blank\" rel=\"noreferrer noopener\">www.skhrachovec.cz<\/a><\/p>\n","protected":false},"excerpt":{"rendered":"<p>SK Hrachovec z.s.Vala\u0161sk\u00e9 Mezi\u0159\u00ed\u010d\u00ed, 757 01I\u010cO: 68898525Kontakty:Vaigl RadekJano\u0161ek Du\u0161anwww.skhrachovec.cz<\/p>\n","protected":false},"author":2,"featured_media":0,"parent":0,"menu_order":0,"comment_status":"closed","ping_status":"closed","template":"","meta":{"colormag_page_container_layout":"default_layout","colormag_page_sidebar_layout":"default_layout","ngg_post_thumbnail":0,"_mc_calendar":[],"footnotes":""},"class_list":["post-1293","page","type-page","status-publish","hentry"],"_links":{"self":[{"href":"https:\/\/hrachovec.valmez.cz\/index.php?rest_route=\/wp\/v2\/pages\/1293","targetHints":{"allow":["GET"]}}],"collection":[{"href":"https:\/\/hrachovec.valmez.cz\/index.php?rest_route=\/wp\/v2\/pages"}],"about":[{"href":"https:\/\/hrachovec.valmez.cz\/index.php?rest_route=\/wp\/v2\/types\/page"}],"author":[{"embeddable":true,"href":"https:\/\/hrachovec.valmez.cz\/index.php?rest_route=\/wp\/v2\/users\/2"}],"replies":[{"embeddable":true,"href":"https:\/\/hrachovec.valmez.cz\/index.php?rest_route=%2Fwp%2Fv2%2Fcomments&post=1293"}],"version-history":[{"count":3,"href":"https:\/\/hrachovec.valmez.cz\/index.php?rest_route=\/wp\/v2\/pages\/1293\/revisions"}],"predecessor-version":[{"id":2279,"href":"https:\/\/hrachovec.valmez.cz\/index.php?rest_route=\/wp\/v2\/pages\/1293\/revisions\/2279"}],"wp:attachment":[{"href":"https:\/\/hrachovec.valmez.cz\/index.php?rest_route=%2Fwp%2Fv2%2Fmedia&parent=1293"}],"curies":[{"name":"wp","href":"https:\/\/api.w.org\/{rel}","templated":true}]}}